{"id":4,"date":"2021-06-07T22:43:31","date_gmt":"2021-06-07T22:43:31","guid":{"rendered":"https:\/\/ifak-audio.de\/willkommen-auf-https-ifak-audio-de"},"modified":"2021-08-24T11:53:12","modified_gmt":"2021-08-24T11:53:12","slug":"willkommen-auf-https-ifak-audio-de","status":"publish","type":"page","link":"https:\/\/ifak-audio.de\/en\/","title":{"rendered":"Welcome to the Institute"},"content":{"rendered":"<p>The Institut f\u00fcr angewandten Krach (Institute for applied noise) opened in late 2014.<\/p>\n\n\n\n<p>Since then, band recordings have mainly been made, mixed and \/ or mastered here. As a non-commercial studio, which I run in my spare time, I offer the opportunity to make recordings without the usual time pressure. Because that has no place in recording either ...<br>I understand my work as that of a recording engineer, not only to create the technical prerequisites so that you can record your own music undisturbed and relaxed. <\/p>\n\n\n\n<p><\/p>\n\n\n\n<p><\/p>\n\n\n\n<p><\/p>","protected":false},"excerpt":{"rendered":"<p>Das Institut f\u00fcr angewandten Krach wurde Ende 2014 er\u00f6ffnet. Seitdem werden hier haupts\u00e4chlich Band-Aufnahmen gemacht, gemischt und\/oder gemastert. Als nicht-kommerzielles Studio, welches ich in meiner Freizeit betreibe, biete ich die M\u00f6glichkeit Aufnahmen zu machen, ohne den \u00fcblichen Zeitdruck. Weil das beim Aufnehmen auch nichts zu suchen hat&#8230;Dabei verstehe ich meine Arbeit als die eines Recording &hellip; <\/p>\n<p class=\"link-more\"><a href=\"https:\/\/ifak-audio.de\/en\/\" class=\"more-link\">Continue reading<span class=\"screen-reader-text\"> &#8222;Willkommen im Institut&#8220;<\/span><\/a><\/p>","protected":false},"author":1,"featured_media":0,"parent":0,"menu_order":0,"comment_status":"closed","ping_status":"open","template":"","meta":{"footnotes":""},"class_list":["post-4","page","type-page","status-publish","hentry"],"_links":{"self":[{"href":"https:\/\/ifak-audio.de\/en\/wp-json\/wp\/v2\/pages\/4","targetHints":{"allow":["GET"]}}],"collection":[{"href":"https:\/\/ifak-audio.de\/en\/wp-json\/wp\/v2\/pages"}],"about":[{"href":"https:\/\/ifak-audio.de\/en\/wp-json\/wp\/v2\/types\/page"}],"author":[{"embeddable":true,"href":"https:\/\/ifak-audio.de\/en\/wp-json\/wp\/v2\/users\/1"}],"replies":[{"embeddable":true,"href":"https:\/\/ifak-audio.de\/en\/wp-json\/wp\/v2\/comments?post=4"}],"version-history":[{"count":13,"href":"https:\/\/ifak-audio.de\/en\/wp-json\/wp\/v2\/pages\/4\/revisions"}],"predecessor-version":[{"id":142,"href":"https:\/\/ifak-audio.de\/en\/wp-json\/wp\/v2\/pages\/4\/revisions\/142"}],"wp:attachment":[{"href":"https:\/\/ifak-audio.de\/en\/wp-json\/wp\/v2\/media?parent=4"}],"curies":[{"name":"wp","href":"https:\/\/api.w.org\/{rel}","templated":true}]}}